{"id":709,"date":"2017-07-09T09:30:22","date_gmt":"2017-07-09T07:30:22","guid":{"rendered":"http:\/\/kristinalinn.de\/?page_id=709"},"modified":"2020-05-16T16:35:31","modified_gmt":"2020-05-16T14:35:31","slug":"filmempfehlungen","status":"publish","type":"page","link":"http:\/\/kristinalinn.de\/index.php\/filmempfehlungen\/","title":{"rendered":"FeelGoodMovies"},"content":{"rendered":"<div style=\"width: 198px\" class=\"wp-caption alignleft\"><a href=\"https:\/\/www.amazon.de\/gp\/product\/B07G28Y3WJ\/ref=as_li_tl?ie=UTF8&amp;camp=1638&amp;creative=6742&amp;creativeASIN=B07G28Y3WJ&amp;linkCode=as2&amp;tag=feelgoodperso-21&amp;linkId=8044c62a938d59e3b2520adc29a45b2e\" target=\"_blank\" rel=\"noopener noreferrer\"><img loading=\"lazy\" src=\"\/\/ws-eu.amazon-adsystem.com\/widgets\/q?_encoding=UTF8&amp;MarketPlace=DE&amp;ASIN=B07G28Y3WJ&amp;ServiceVersion=20070822&amp;ID=AsinImage&amp;WS=1&amp;Format=_SL250_&amp;tag=feelgoodperso-21\" alt=\"\" width=\"188\" height=\"250\" border=\"0\" \/><\/a><p class=\"wp-caption-text\">Ein Film, der durch seine herrlichen Landschafts- und atemberaubenden Surfaufnahmen besticht. Ton, Farben und Motiv wurden exquisit ausgew\u00e4hlt und Simon Baker begeistert nicht nur als Schauspieler, sondern auch als Regisseur. Dieser Film ist ein Muss f\u00fcr alle Surf- und Australienfans.<\/p><\/div>\n<p><img loading=\"lazy\" style=\"border: none !important; margin: 0px !important;\" src=\"\/\/ir-de.amazon-adsystem.com\/e\/ir?t=feelgoodperso-21&amp;l=am2&amp;o=3&amp;a=B07G28Y3WJ\" alt=\"\" width=\"1\" height=\"1\" border=\"0\" \/><\/p>\n<div style=\"width: 198px\" class=\"wp-caption alignleft\"><a href=\"https:\/\/www.amazon.de\/gp\/product\/B01NAYT5C1\/ref=as_li_tl?ie=UTF8&amp;camp=1638&amp;creative=6742&amp;creativeASIN=B01NAYT5C1&amp;linkCode=as2&amp;tag=krislinnperst-21&amp;linkId=2a711aea581b423f680a24e55cd8f5d1\" target=\"_blank\" rel=\"noopener noreferrer\"><img loading=\"lazy\" src=\"\/\/ws-eu.amazon-adsystem.com\/widgets\/q?_encoding=UTF8&amp;MarketPlace=DE&amp;ASIN=B01NAYT5C1&amp;ServiceVersion=20070822&amp;ID=AsinImage&amp;WS=1&amp;Format=_SL250_&amp;tag=krislinnperst-21\" alt=\"\" width=\"188\" height=\"250\" border=\"0\" \/><\/a><p class=\"wp-caption-text\">That Sugar Film (Voll Verzuckert) begleitet einen Mann auf der Reise durch die Welt (Herstellung, Wirkung, Auswirkungen, etc.) des Zuckers. Sehr unterhaltsam, verst\u00e4ndlich\u00a0&amp; mit einer guten Portion Witz &amp; (schwarzem) Humor dargestellt. Viel Spa\u00df beim Anschauen!<\/p><\/div>\n<div style=\"width: 186px\" class=\"wp-caption alignleft\"><a href=\"https:\/\/www.amazon.de\/gp\/product\/B00HLVTMEQ\/ref=as_li_tl?ie=UTF8&amp;camp=1638&amp;creative=6742&amp;creativeASIN=B00HLVTMEQ&amp;linkCode=as2&amp;tag=feelgoodperso-21&amp;linkId=96b7bcb6ce96864f6729f8828309bf8a\" target=\"_blank\" rel=\"noopener noreferrer\"><img loading=\"lazy\" src=\"\/\/ws-eu.amazon-adsystem.com\/widgets\/q?_encoding=UTF8&amp;MarketPlace=DE&amp;ASIN=B00HLVTMEQ&amp;ServiceVersion=20070822&amp;ID=AsinImage&amp;WS=1&amp;Format=_SL250_&amp;tag=feelgoodperso-21\" alt=\"\" width=\"176\" height=\"250\" border=\"0\" \/><\/a><p class=\"wp-caption-text\">Das alphabet bereist die unterschiedlichen Bildungssysteme der Welt, veranschaulicht dabei die einzelnen Vorz\u00fcge und betrachtet die eine oder andere Organisation sehr kritisch. Der Film lohnt sich&#8230;einfach mal wirken lassen&#8230;<\/p><\/div>\n<p><img loading=\"lazy\" style=\"border: none !important; margin: 0px !important;\" src=\"\/\/ir-de.amazon-adsystem.com\/e\/ir?t=feelgoodperso-21&amp;l=am2&amp;o=3&amp;a=B00HLVTMEQ\" alt=\"\" width=\"1\" height=\"1\" border=\"0\" \/><\/p>\n<div style=\"width: 218px\" class=\"wp-caption alignleft\"><a href=\"https:\/\/www.amazon.de\/gp\/product\/B078SF52J4\/ref=as_li_tl?ie=UTF8&amp;camp=1638&amp;creative=6742&amp;creativeASIN=B078SF52J4&amp;linkCode=as2&amp;tag=krislinnperst-21&amp;linkId=7c9b56ef046cda149051f9781f62025c\" target=\"_blank\" rel=\"noopener noreferrer\"><img loading=\"lazy\" src=\"\/\/ws-eu.amazon-adsystem.com\/widgets\/q?_encoding=UTF8&amp;MarketPlace=DE&amp;ASIN=B078SF52J4&amp;ServiceVersion=20070822&amp;ID=AsinImage&amp;WS=1&amp;Format=_SL250_&amp;tag=krislinnperst-21\" alt=\"\" width=\"208\" height=\"250\" border=\"0\" \/><\/a><p class=\"wp-caption-text\">The Greatest Showman &#8211; l\u00e4sst die Musik in Dir sprechen und rei\u00dft Dich mit in eine andere Welt ! H\u00f6r mal zu&#8230;h\u00f6r auf Dich!\u00a0 Schau, was passiert und habe viel Spa\u00df damit!<\/p><\/div>\n<div style=\"width: 186px\" class=\"wp-caption alignleft\"><a href=\"https:\/\/www.amazon.de\/gp\/product\/B00013PFNS\/ref=as_li_tl?ie=UTF8&amp;camp=1638&amp;creative=6742&amp;creativeASIN=B00013PFNS&amp;linkCode=as2&amp;tag=krislinnperst-21&amp;linkId=7eea1f2588f54033a49fc703b302eb5c\" target=\"_blank\" rel=\"noopener noreferrer\"><img loading=\"lazy\" src=\"\/\/ws-eu.amazon-adsystem.com\/widgets\/q?_encoding=UTF8&amp;MarketPlace=DE&amp;ASIN=B00013PFNS&amp;ServiceVersion=20070822&amp;ID=AsinImage&amp;WS=1&amp;Format=_SL250_&amp;tag=krislinnperst-21\" alt=\"\" width=\"176\" height=\"250\" border=\"0\" \/><\/a><p class=\"wp-caption-text\">Ein fr\u00fches Meisterwerk von &#8222;Pretty Woman&#8220; Julia Roberts in ihren jungen Jahren! Ein Must-See! Mystic Pizza oder Pizza Pizza l\u00e4sst uns in eine andere Zeit zur\u00fcck reisen. Besonders f\u00fcr die Damen eine sch\u00f6ne, unterhaltsame Story. Pizza Pizza! \ud83d\ude42<img loading=\"lazy\" style=\"border: none !important; margin: 0px !important;\" src=\"\/\/ir-de.amazon-adsystem.com\/e\/ir?t=krislinnperst-21&amp;l=am2&amp;o=3&amp;a=B00013PFNS\" alt=\"\" width=\"1\" height=\"1\" border=\"0\" \/><\/p><\/div>\n<div style=\"width: 198px\" class=\"wp-caption alignleft\"><a href=\"https:\/\/www.amazon.de\/gp\/product\/B06XBYXFH2\/ref=as_li_tl?ie=UTF8&amp;camp=1638&amp;creative=6742&amp;creativeASIN=B06XBYXFH2&amp;linkCode=as2&amp;tag=krislinnperst-21&amp;linkId=cc6013de9449c4262a7d8dd878c85aee\" target=\"_blank\" rel=\"noopener noreferrer\"><img loading=\"lazy\" src=\"\/\/ws-eu.amazon-adsystem.com\/widgets\/q?_encoding=UTF8&amp;MarketPlace=DE&amp;ASIN=B06XBYXFH2&amp;ServiceVersion=20070822&amp;ID=AsinImage&amp;WS=1&amp;Format=_SL250_&amp;tag=krislinnperst-21\" alt=\"\" width=\"188\" height=\"250\" border=\"0\" \/><\/a><p class=\"wp-caption-text\">Logan, alias Wolverine, alias Hugh Jackman. Eine \u00c4ra geht zu Ende! Snief! Where are all the mutants? Menschen, Mutanten, &#8230;Andersartige werden wie Auss\u00e4tzige behandelt. Vielleicht haben sie einfach nur eine ganz besondere Besonderheit!? Danke an Hugh Jackman f\u00fcr seine jahrelange Treue und die authentische Darstellung eines so besonderen Mutanten! R.I.P. Logan<\/p><\/div>\n<p>&nbsp;<\/p>\n<div style=\"width: 198px\" class=\"wp-caption alignleft\"><a href=\"https:\/\/www.amazon.de\/gp\/product\/B00J2WP55C\/ref=as_li_tl?ie=UTF8&amp;camp=1638&amp;creative=6742&amp;creativeASIN=B00J2WP55C&amp;linkCode=as2&amp;tag=krislinnperst-21&amp;linkId=e01cdc2f99a386c6bcb3286d78cfbba2\" target=\"_blank\" rel=\"noopener noreferrer\"><img loading=\"lazy\" src=\"\/\/ws-eu.amazon-adsystem.com\/widgets\/q?_encoding=UTF8&amp;MarketPlace=DE&amp;ASIN=B00J2WP55C&amp;ServiceVersion=20070822&amp;ID=AsinImage&amp;WS=1&amp;Format=_SL250_&amp;tag=krislinnperst-21\" alt=\"\" width=\"188\" height=\"250\" border=\"0\" \/><\/a><p class=\"wp-caption-text\">Taschentuch, bitte! F\u00fcr einen total gem\u00fctlichen, wohltuenden M\u00e4delsabend!<\/p><\/div>\n<div id=\"attachment_1367\" style=\"width: 369px\" class=\"wp-caption alignleft\"><a href=\"http:\/\/kristinalinn.de\/index.php\/filmempfehlungen\/001-2\/\" rel=\"attachment wp-att-1367\"><img aria-describedby=\"caption-attachment-1367\" loading=\"lazy\" class=\"wp-image-1367 \" src=\"http:\/\/kristinalinn.de\/wp-content\/uploads\/2019\/06\/001.jpg\" alt=\"\" width=\"359\" height=\"250\" \/><\/a><p id=\"caption-attachment-1367\" class=\"wp-caption-text\">Ein wundersch\u00f6ner Film \u00fcber die Liebe, den Zwiespalt von innerer Vollst\u00e4ndigkeit &amp; Gerechtigkeit sowie der Aufopferung f\u00fcr einen anderen Menschen!<\/p><\/div>\n<div id=\"attachment_1626\" style=\"width: 359px\" class=\"wp-caption alignleft\"><a href=\"http:\/\/kristinalinn.de\/wp-content\/uploads\/2020\/04\/Adrift.jpg\"><img aria-describedby=\"caption-attachment-1626\" loading=\"lazy\" class=\"wp-image-1626\" src=\"http:\/\/kristinalinn.de\/wp-content\/uploads\/2020\/04\/Adrift.jpg\" alt=\"\" width=\"349\" height=\"197\" srcset=\"http:\/\/kristinalinn.de\/wp-content\/uploads\/2020\/04\/Adrift.jpg 1280w, http:\/\/kristinalinn.de\/wp-content\/uploads\/2020\/04\/Adrift-300x169.jpg 300w, http:\/\/kristinalinn.de\/wp-content\/uploads\/2020\/04\/Adrift-1024x576.jpg 1024w\" sizes=\"(max-width: 349px) 100vw, 349px\" \/><\/a><p id=\"caption-attachment-1626\" class=\"wp-caption-text\">Noch ein klasse Film \u00fcber Durchhalteverm\u00f6gen, Gef\u00fchlshochs und -tiefs sowie&#8230;puh, ganz sch\u00f6n viel Leben!<\/p><\/div>\n<p>&nbsp;<\/p>\n<div style=\"width: 198px\" class=\"wp-caption alignleft\"><a href=\"https:\/\/www.amazon.de\/gp\/product\/B0786HHKHX\/ref=as_li_tl?ie=UTF8&amp;camp=1638&amp;creative=6742&amp;creativeASIN=B0786HHKHX&amp;linkCode=as2&amp;tag=feelgoodperso-21&amp;linkId=bc3d9683e6c8203062b81a86a9341535\" target=\"_blank\" rel=\"noopener noreferrer\"><img loading=\"lazy\" src=\"\/\/ws-eu.amazon-adsystem.com\/widgets\/q?_encoding=UTF8&amp;MarketPlace=DE&amp;ASIN=B0786HHKHX&amp;ServiceVersion=20070822&amp;ID=AsinImage&amp;WS=1&amp;Format=_SL250_&amp;tag=feelgoodperso-21\" alt=\"\" width=\"188\" height=\"250\" border=\"0\" \/><\/a><p class=\"wp-caption-text\">Was ein gro\u00dfes Herz bewirken kann: Ein bewegender und tief emotionaler Film mit toll gespielten Charakteren, empathischen Szenen, tiefgreifenden Momenten und sehr sehr sehr viel Herz!<\/p><\/div>\n<div style=\"width: 198px\" class=\"wp-caption alignleft\"><a href=\"https:\/\/www.amazon.de\/gp\/product\/B081KWRRPD\/ref=as_li_tl?ie=UTF8&amp;camp=1638&amp;creative=6742&amp;creativeASIN=B081KWRRPD&amp;linkCode=as2&amp;tag=feelgoodperso-21&amp;linkId=8fae6ddcaf498569bff0b4001ae7eb9f\" target=\"_blank\" rel=\"noopener noreferrer\"><img loading=\"lazy\" src=\"\/\/ws-eu.amazon-adsystem.com\/widgets\/q?_encoding=UTF8&amp;MarketPlace=DE&amp;ASIN=B081KWRRPD&amp;ServiceVersion=20070822&amp;ID=AsinImage&amp;WS=1&amp;Format=_SL250_&amp;tag=feelgoodperso-21\" alt=\"\" width=\"188\" height=\"250\" border=\"0\" \/><\/a><p class=\"wp-caption-text\">Halte an Deinem Traum fest! Egal, was andere dazu sagen und Dich dadurch entmutigen wollen! Was z\u00e4hlt bist Du!<\/p><\/div>\n<div style=\"width: 186px\" class=\"wp-caption alignleft\"><a href=\"https:\/\/www.amazon.de\/gp\/product\/B07KZHL94M\/ref=as_li_tl?ie=UTF8&amp;camp=1638&amp;creative=6742&amp;creativeASIN=B07KZHL94M&amp;linkCode=as2&amp;tag=feelgoodperso-21&amp;linkId=184d0677a64adf83c11858d065f249b0\" target=\"_blank\" rel=\"noopener noreferrer\"><img loading=\"lazy\" src=\"\/\/ws-eu.amazon-adsystem.com\/widgets\/q?_encoding=UTF8&amp;MarketPlace=DE&amp;ASIN=B07KZHL94M&amp;ServiceVersion=20070822&amp;ID=AsinImage&amp;WS=1&amp;Format=_SL250_&amp;tag=feelgoodperso-21\" alt=\"\" width=\"176\" height=\"250\" border=\"0\" \/><\/a><p class=\"wp-caption-text\">&#8222;Gottes Vergebung unserer S\u00fcnden umfasst jede S\u00fcnde \u2013 vergangene, gegenw\u00e4rtige und zuk\u00fcnftige! Als wir den Herrn Jesus, unseren Retter, angenommen haben, haben wir auch die vollst\u00e4ndige und vollkommene Vergebung aller unserer S\u00fcnden empfangen. \u201c<\/p><\/div>\n<p><img loading=\"lazy\" style=\"border: none !important; margin: 0px !important;\" src=\"\/\/ir-de.amazon-adsystem.com\/e\/ir?t=feelgoodperso-21&amp;l=am2&amp;o=3&amp;a=B07KZHL94M\" alt=\"\" width=\"1\" height=\"1\" border=\"0\" \/><\/p>\n<p><img loading=\"lazy\" style=\"border: none !important; margin: 0px !important;\" src=\"\/\/ir-de.amazon-adsystem.com\/e\/ir?t=feelgoodperso-21&amp;l=am2&amp;o=3&amp;a=B081KWRRPD\" alt=\"\" width=\"1\" height=\"1\" border=\"0\" \/><\/p>\n","protected":false},"excerpt":{"rendered":"<p>&nbsp; &nbsp;<\/p>\n","protected":false},"author":1,"featured_media":0,"parent":0,"menu_order":0,"comment_status":"closed","ping_status":"closed","template":"page_full-width.php","meta":[],"_links":{"self":[{"href":"http:\/\/kristinalinn.de\/index.php\/wp-json\/wp\/v2\/pages\/709"}],"collection":[{"href":"http:\/\/kristinalinn.de\/index.php\/wp-json\/wp\/v2\/pages"}],"about":[{"href":"http:\/\/kristinalinn.de\/index.php\/wp-json\/wp\/v2\/types\/page"}],"author":[{"embeddable":true,"href":"http:\/\/kristinalinn.de\/index.php\/wp-json\/wp\/v2\/users\/1"}],"replies":[{"embeddable":true,"href":"http:\/\/kristinalinn.de\/index.php\/wp-json\/wp\/v2\/comments?post=709"}],"version-history":[{"count":24,"href":"http:\/\/kristinalinn.de\/index.php\/wp-json\/wp\/v2\/pages\/709\/revisions"}],"predecessor-version":[{"id":1727,"href":"http:\/\/kristinalinn.de\/index.php\/wp-json\/wp\/v2\/pages\/709\/revisions\/1727"}],"wp:attachment":[{"href":"http:\/\/kristinalinn.de\/index.php\/wp-json\/wp\/v2\/media?parent=709"}],"curies":[{"name":"wp","href":"https:\/\/api.w.org\/{rel}","templated":true}]}}