{"id":261,"date":"2015-12-27T17:01:59","date_gmt":"2015-12-27T16:01:59","guid":{"rendered":"http:\/\/kristinalinn.de\/\/?page_id=261"},"modified":"2026-03-22T09:44:35","modified_gmt":"2026-03-22T08:44:35","slug":"physiotherapie","status":"publish","type":"page","link":"http:\/\/kristinalinn.de\/index.php\/physiotherapie\/","title":{"rendered":"Private Physiotherapie"},"content":{"rendered":"<p><span style=\"\"><strong>BEHANDLUNG NACH DEM FASZIENDISTORSIONSMODELL<\/strong><\/span><\/p>\n<p>Sie m\u00f6chten sich wieder frei bewegen und Beschwerden nicht l\u00e4nger einfach hinnehmen. Dann braucht es einen Ansatz, der zu Ihnen passt.<\/p>\n<p>Ich nehme mir Zeit f\u00fcr Sie und h\u00f6re genau hin. Denn Sie wissen am besten, was Ihr K\u00f6rper braucht. Gemeinsam finden wir die Ursache Ihrer Beschwerden und den passenden Weg daraus.<\/p>\n<p><!--more--><\/p>\n<p>Der K\u00f6rper und das Bindegewebe, welches sich durch den ganzen K\u00f6rper zieht und ihn verbindet, leben von Bewegung und ausgewogener Lebensweise. Manchmal kann es sein, dass sich etwas im K\u00f6rper &#8222;verdreht&#8220;, sodass es unter anderem zu einseitigen Bewegungen, Gleichgewichtsst\u00f6rungen, Schmerzen und Kraftverlust kommen kann.<\/p>\n<p>Leiden Sie unter Fersensporn, fehlt Ihnen die Beweglichkeit in den Beinen oder macht sich die Achillessehne immer wieder unangenehm bemerkbar?<br \/>\nSchlafen die Arme immer wieder ein (und es kommt zum Ameisenkribbeln), f\u00fchlt sich der Nacken verspannt an oder ist der Schulterblick nicht mehr oder nur eingeschr\u00e4nkt m\u00f6glich?<br \/>\nF\u00fchlen sich Ihre Gelenke steif an, w\u00fcrden Sie gerne mal wieder eine Runde schmerzfrei Golf oder Tennis spielen oder nerven die R\u00fcckenschmerzen schon seit Jahren?<\/p>\n<p>Alle Beschwerdebilder sind behandelbar!<br \/>\nAuch wenn sie zun\u00e4chst scheinbar gar nicht oder schwer zugeordnet oder erkl\u00e4rt werden k\u00f6nnen.<\/p>\n<p>Das Besondere an der Physiotherapie nach dem <a href=\"http:\/\/kristinalinn.de\/index.php\/physiotherapie\/efdma_patient-info_2016\/\" target=\"_blank\" rel=\"attachment noopener wp-att-1137 noreferrer\">Fasziendistorsionsmodell (FDM)<\/a>&nbsp;ist, dass sie auch Beschwerden erfasst, die von der Schulmedizin nicht erkl\u00e4rt werden k\u00f6nnen. In meiner privaten Praxis f\u00fcr Physiotherapie erhalten Sie eine individuell auf Sie zugeschnittene Therapie auf der Basis des <a href=\"http:\/\/kristinalinn.de\/index.php\/physiotherapie\/efdma_patient-info_2016\/\" target=\"_blank\" rel=\"attachment noopener wp-att-1137 noreferrer\">Fasziendistorsionsmodell (FDM) nach Stephen Typaldos D.O.<\/a>. Die Methode ist geeignet, schnellstm\u00f6gliche Therapieerfolge zu zeigen.<\/p>\n<p>Eine Distorsion ist eine Verdrehung des Bindegewebes. Diese Verdrehungen wurden 1991 erstmalig durch den US-amerikanischen Osteopathen, Sport- und Notfallmediziner Dr. Stephen Typaldos im <a href=\"http:\/\/kristinalinn.de\/index.php\/physiotherapie\/efdma_patient-info_2016\/\" target=\"_blank\" rel=\"attachment noopener wp-att-1137 noreferrer\">Fasziendistorsionsmodell (FDM)<\/a> erkl\u00e4rt. Dieses Behandlungsmodell eignet sich wundervoll, Beschwerden vielf\u00e4ltiger Ursache effektiv zu behandeln und zu beseitigen. Seien es Distorsionen, die durch einseitige Bewegungen, Fehlbelastungen, Unf\u00e4lle vor kurzem oder vor einiger Zeit oder \u00c4nderungen der K\u00f6rperstatik beispielsweise durch neue Schuhe oder Einlagen entstanden sind.<\/p>\n<p>Bei welchen Einschr\u00e4nkungen, Unannehmlichkeiten, Schmerzen kann ich Ihnen helfen?<br \/>\n<strong><a href=\"http:\/\/kristinalinn.de\/index.php\/contact\/\">VEREINBAREN SIE IHREN BEHANDLUNGSTERMIN!<\/a><\/strong><\/p>\n<hr>\n<p><strong style=\"line-height: 1.5\"><br \/>\nWIE L\u00c4UFT DIE BEHANDLUNG AB?<br \/>\n<\/strong><\/p>\n<p>Zu Beginn der Behandlung frage ich Sie gezielt nach Ihren Beschwerden: Wie sind die Empfindungen genau? Wo und wann sind die Beschwerden aufgetreten und wie sind sie entstanden?<\/p>\n<p>Mit Hilfe dieser Hinweise kann ich den Befund erheben und kann Sie entsprechend behandeln. Au\u00dferdem teste ich Ihre Bewegungen in Bezug auf die betroffene K\u00f6rperregion, das Beschwerdegeschehen und den Seitenunterschied hinsichtlich Beweglichkeit und Sensibilit\u00e4t. Das Wichtigste bei der Behandlung ist der subjektive Eindruck des Patienten, deshalb werden Alltagsbewegungen ebenso wie die von Ihnen angegebenen schmerzhaften und eingeschr\u00e4nkten Bewegungen getestet. Dabei k\u00f6nnen auch vor\u00fcbergehende Schmerzen auftreten oder sich die vorhandenen Beschwerden auf dem Weg zur Heilung kurzfristig verschlimmern.<\/p>\n<hr>\n<p><span style=\"\"><strong><br \/>\nWELCHE KOSTEN ERWARTEN SIE? WANN FINDEN BEHANDLUNGEN STATT?<\/strong><\/span><\/p>\n<p>Ein Behandlungstermin dauert 55 Minuten und wird mit 90\u20ac bei vorliegendem Privatrezept berechnet. Ohne Privatrezept werden zus\u00e4tzlich 19% Mehrwertsteuer in Rechnung gestellt.<\/p>\n<p>Ich weise darauf hin, dass Ihre Krankenkasse die Honorarbetr\u00e4ge m\u00f6glicherweise nur teilweise ersetzt; in diesem Fall ist der Differenzbetrag von Ihnen selbst zu begleichen.&nbsp;<\/p>\n<p>Alle Behandlungstermine werden individuell ausgemacht &#8211; ob morgens fr\u00fch vor der Arbeit, im Laufe des Tages oder in dringenden F\u00e4llen auch an einem Sonntag!<br \/>\nNehmen Sie Kontakt mit mir auf und ich k\u00fcmmere mich darum, dass Sie Ihre passende Behandlung erhalten<strong>.<\/strong><\/p>\n<hr>\n<p><span style=\"\"><strong><br \/>\nWAS SOLLTEN SIE WISSEN<br \/>\n<\/strong><\/span><\/p>\n<ul>\n<li>Sie ben\u00f6tigen f\u00fcr die Behandlungen ein Privatrezept von Ihrem Arzt und \u00fcberreichen mir den vor Beginn der Therapie unterschriebenen&nbsp;<a href=\"http:\/\/kristinalinn.de\/index.php\/physiotherapie\/behandlungsvertrag-kristina-linn\/\" target=\"_blank\" rel=\"attachment noopener wp-att-1275 noreferrer\">Behandlungsvertrag<\/a>.<\/li>\n<li>Ihnen als Patient\/-in wird eine Rechnung bei Abschluss der Therapie ausgestellt, die Sie bei Ihrer privaten Krankenversicherung je nach Versicherungsvertrag zur vollst\u00e4ndigen oder auch teilweisen Erstattung einreichen k\u00f6nnen.<br \/>\nEs kann sein, dass Ihre Krankenkasse \/ Beihilfe diese Honorarbetr\u00e4ge m\u00f6glicherweise nicht<br \/>\nvoll ersetzt. In diesem Fall m\u00fcssen Sie den Differenzbetrag selbst begleichen. Empfehlenswert ist, vor Beginn der Behandlung zu kl\u00e4ren, in welcher&nbsp;H\u00f6he der Versicherer die Kosten der Behandlung tr\u00e4gt.<\/li>\n<li>Die Behandlung nach dem <a href=\"http:\/\/kristinalinn.de\/index.php\/physiotherapie\/efdma_patient-info_2016\/\" rel=\"attachment wp-att-1137\">Fasziendistorsionsmodell (FDM)<\/a>&nbsp;kann schmerzhaft sein und erfolgt erfolgsorientiert.<\/li>\n<li>Das <a href=\"http:\/\/kristinalinn.de\/index.php\/physiotherapie\/efdma_patient-info_2016\/\" rel=\"attachment wp-att-1137\">Fasziendistorsionsmodell (FDM)<\/a>&nbsp;kann prinzipiell bei allen Beschwerden am Bewegungsapparat angewendet werden.<\/li>\n<li>Folgende Risiken und Nebenwirkungen k\u00f6nnen nach der Behandlung vor\u00fcbergehend (einige Stunde bis Tage) auftreten: muskelkaterartige Schmerzen, lokale R\u00f6tungen, Bluterg\u00fcsse und Hautirritationen, vor\u00fcbergehende Schmerzverst\u00e4rkung bei jedoch verbesserter Funktion, Kreislaufreaktionen wie Schwindel, M\u00fcdigkeit und Schwitzen, in seltenen F\u00e4llen kann es zu Muskell\u00e4hmungen durch Nervenkompression kommen<\/li>\n<\/ul>\n<hr>\n<p><span style=\"\"><strong><br \/>\nPRIVATPRAXIS PHYSIOTHERAPIE<br \/>\n<\/strong><\/span><\/p>\n<p>Die Behandlungen finden grunds\u00e4tzlich in den Therapier\u00e4umlichkeiten &#8222;<a href=\"http:\/\/www.osteopathie-griesinger.de\/\">Osteopathie am Juxplatz<\/a>&#8220; in der Heidesheimer 3 in 55124 Mainz-Gonsenheim statt.<\/p>\n<p>Parkm\u00f6glichkeiten bestehen in der Regel direkt vor der Haust\u00fcr auf dem Juxplatzgel\u00e4nde. Wartem\u00f6glichkeiten im Vorraum des Therapieraumes. Bedienen Sie sich gerne in dieser Zeit an Getr\u00e4nken und Knabbereien und lassen Sie es sich gut gehen!<\/p>\n<p>Sollte es Ihnen besser passen, findet die Behandlung in den Therapie- &amp; Trainingsr\u00e4umlichkeiten &#8222;<a href=\"http:\/\/www.jodis-trainingscamp.de\" target=\"_blank\" rel=\"noopener noreferrer\">JODIS-Trainingscamp<\/a>&#8218; statt.<\/p>\n<hr>\n<p>&nbsp;<\/p>\n<p><span style=\"\"><strong>WEITERGEHENDE INFORMATIONEN ZUM FASZIENDISTORSIONSMODELL<\/strong><\/span><\/p>\n<p><iframe title=\"Informationsfilm FDM (Deutsch)\" width=\"500\" height=\"281\" src=\"https:\/\/www.youtube.com\/embed\/x02Z-Fjs-Xw?feature=oembed&#038;wmode=opaque\" frameborder=\"0\" allow=\"accelerometer; autoplay; clipboard-write; encrypted-media; gyroscope; picture-in-picture\" allowfullscreen><\/iframe><\/p>\n","protected":false},"excerpt":{"rendered":"<p>BEHANDLUNG NACH DEM FASZIENDISTORSIONSMODELL Sie m\u00f6chten sich wieder frei bewegen und Beschwerden nicht l\u00e4nger einfach hinnehmen. Dann braucht es einen Ansatz, der zu Ihnen passt. Ich nehme mir Zeit f\u00fcr Sie und h\u00f6re genau hin. Denn Sie wissen am besten, was Ihr K\u00f6rper braucht. Gemeinsam finden wir die Ursache Ihrer Beschwerden und den passenden Weg&hellip;<\/p>\n","protected":false},"author":1,"featured_media":0,"parent":0,"menu_order":-2,"comment_status":"closed","ping_status":"closed","template":"page_full-width.php","meta":[],"_links":{"self":[{"href":"http:\/\/kristinalinn.de\/index.php\/wp-json\/wp\/v2\/pages\/261"}],"collection":[{"href":"http:\/\/kristinalinn.de\/index.php\/wp-json\/wp\/v2\/pages"}],"about":[{"href":"http:\/\/kristinalinn.de\/index.php\/wp-json\/wp\/v2\/types\/page"}],"author":[{"embeddable":true,"href":"http:\/\/kristinalinn.de\/index.php\/wp-json\/wp\/v2\/users\/1"}],"replies":[{"embeddable":true,"href":"http:\/\/kristinalinn.de\/index.php\/wp-json\/wp\/v2\/comments?post=261"}],"version-history":[{"count":56,"href":"http:\/\/kristinalinn.de\/index.php\/wp-json\/wp\/v2\/pages\/261\/revisions"}],"predecessor-version":[{"id":4639,"href":"http:\/\/kristinalinn.de\/index.php\/wp-json\/wp\/v2\/pages\/261\/revisions\/4639"}],"wp:attachment":[{"href":"http:\/\/kristinalinn.de\/index.php\/wp-json\/wp\/v2\/media?parent=261"}],"curies":[{"name":"wp","href":"https:\/\/api.w.org\/{rel}","templated":true}]}}