{"id":240,"date":"2013-09-16T22:10:37","date_gmt":"2013-09-16T20:10:37","guid":{"rendered":"http:\/\/satoristudio.net\/kanso\/?page_id=11"},"modified":"2025-09-21T09:14:14","modified_gmt":"2025-09-21T07:14:14","slug":"about","status":"publish","type":"page","link":"http:\/\/kristinalinn.de\/index.php\/about\/","title":{"rendered":"\u00dcber mich"},"content":{"rendered":"<p><strong>Mein Name ist Kristina Linn und ich bin Physiotherapeutin &amp; Personal Trainerin<br \/>\n&#8211;&nbsp;die FEEL GOOD MANAGERIN f\u00fcr Sie, Ihre Liebsten und Ihr Unternehmen!<\/strong><\/p>\n<p><strong>Mit&nbsp;meiner einzigartigen Qualifikation aus Wirtschaft, Physiotherapie, Sportwissenschaft und Coaching unterst\u00fctze ich Menschen dabei, ihre W\u00fcnsche &amp; Ziele zu erreichen und zu ihrer Bestleistung zu kommen.<\/strong><\/p>\n<p><strong>Viele Ziele meiner bisherigen Patienten und Klienten sind:<\/strong><\/p>\n<ul>\n<li><strong>Schmerzfrei zu sein nach vielen langen Jahren, in denen Sie von Pontius zu Pilatus gelaufen sind<\/strong><\/li>\n<li><strong>Die auf Sie passgenau zugeschnittene Betreuung zu finden nach fehlender individueller, \u00fcber einen Kamm gescherter Betreuung<\/strong><\/li>\n<li><strong>Zufriedenheit, Freude und Wohlbefinden&nbsp;zu erreichen nach jahrzehnte-\/jahre-\/monatelanger Unzufriedenheit mit Ihrem K\u00f6rper und Ihrer Situation<\/strong><\/li>\n<li><b>Klarheit \u00fcber ihre <\/b><strong>aktuelle<\/strong><b> <\/b><strong>Lebenssituation<\/strong><b> zu <\/b><strong>erreichen<\/strong><\/li>\n<li><b>Energie und Lebensfreude im \u00dcberfluss zu haben nach massivem Schlappheitsgef\u00fchl, fehlender Motivation und immens hoher Abh\u00e4ngigkeit von Rahmenbedingungen (wie beispielsweise bei international Reisenden)<\/b><\/li>\n<li><strong>&#8230;<\/strong><\/li>\n<\/ul>\n<p><strong>Jeder Mensch hat seine pers\u00f6nlichen Werte, Motivationen, Ziele. Was oben genannt wurde, muss nicht Ihr Ziel sein.<br \/>\nIn der pers\u00f6nlichen Zusammenarbeit geht es darum, den f\u00fcr Sie passenden Weg zu finden. Wo m\u00f6chten Sie hin? <\/strong><\/p>\n<p><strong>Wenn ich Ihnen dabei Unterst\u00fctzung leisten darf, <a href=\"http:\/\/kristinalinn.de\/index.php\/contact\/\">kontaktieren Sie mich!<\/a><br \/>\nIch freue mich darauf, von Ihnen zu h\u00f6ren!<\/strong><\/p>\n<p><!--more--><\/p>\n<p>Seit 2003 bin ich als Personal Trainerin &amp; seit 2011 als Physiotherapeutin international t\u00e4tig.<\/p>\n<p>Meine Passion ist es, K\u00f6rper, Geist &amp; Seele in Einklang zu bringen. Das bedeutet, dass ich Menschen begleite, Bewegung jeglicher Art in ihren Alltag zu integrieren, ihren Gesundheits- und Gem\u00fctszustand auf ein h\u00f6heres Niveau zu bringen und mit Herausforderungen meisterhaft umzugehen. Der Alltag im Privatleben und Beruf stellt jeden von uns vor Aufgaben, und manchmal mag man den Wald vor lauter B\u00e4umen nicht sehen&#8230;und gerade dann ist eine professionelle Betreuung von N\u00f6ten. Manche Fragen werden beantwortet, manche Hindernisse l\u00f6sen sich in Luft auf und die eine oder andere Speckrolle wird einfach auch mal akzeptiert.<\/p>\n<p>Das Leben offeriert uns wahnsinnig viele spannende Erlebnisse, Situationen, die uns zum Lachen &amp; Weinen bringen, Einbahnstra\u00dfen &#8211; EIN RIESENPAKET EBEN!<\/p>\n<p>Und in diesem RIESENPAKET stehe ich Ihnen bei!<\/p>\n<p>Ich bin keine Allwissende, ich habe meine Fehler &amp; meine Eigenart. Und so haben Sie Ihre!<\/p>\n<p>Meine Werte sind Ehrlichkeit, Zuverl\u00e4ssigkeit, Authentizit\u00e4t, &#8230;und noch einige mehr.<\/p>\n<p>Ein kleiner Einblick in meinen Lebenslauf:<br \/>\n2000 &#8211; 2007 war ich in unterschiedlichen Banken t\u00e4tig, nebenberuflich hatte ich in diversen Fitnessstudios als Trainerin gearbeitet.<br \/>\n2007 hatte ich meine sichere Stelle bei der Bank verlassen und mich als Personal Trainerin VOLL selbstst\u00e4ndig gemacht.<br \/>\nQualifikation ist mir wichtig, daher war f\u00fcr mich klar, dass ich mein Wissen noch vertiefe.<br \/>\nSo absolvierte ich 2008 &#8211; 2011 meine Physiotherapieausbildung, erweiterte diese noch 2012 mit einem Masterstudium in Australien (Master of High Performance Science) und konnte dadurch voll als Physiotherapeutin &amp; Personal Trainerin durchstarten. In Deutschland als auch international.<br \/>\n2014 kam ich dann in Ber\u00fchrung mit dem Fasziendistorsionmodell nach Dr. Stephen Typaldos, wonach ich vorwiegend in meiner Praxis arbeite und welches nat\u00fcrlich auch meine Arbeitsweise im Personal Training beeinflusst. Die Faszien sind ein beliebtes Thema in den Medien &#8211; doch gleichzeitig auch ein ganz simples. Wer mich kennt, der wei\u00dft, dass ich es simple und klar mag.<\/p>\n<p>Sportlich hat mich die Reise zum Kampfsport gef\u00fchrt. So trete ich regelm\u00e4\u00dfig auf Wettk\u00e4mpfen f\u00fcr Deutschen an nationalen als auch Welt-Meisterschaften an.<\/p>\n<p>Kurzum. Dies ist ein kleiner Ausschnitt meiner Person. M\u00f6chten Sie mich und meine Arbeitsweise kennenlernen, dann freue ich mich darauf, von Ihnen zu h\u00f6ren!<\/p>\n<p>Ihre Kristina Linn<\/p>\n","protected":false},"excerpt":{"rendered":"<p>Mein Name ist Kristina Linn und ich bin Physiotherapeutin &amp; Personal Trainerin &#8211;&nbsp;die FEEL GOOD MANAGERIN f\u00fcr Sie, Ihre Liebsten und Ihr Unternehmen! Mit&nbsp;meiner einzigartigen Qualifikation aus Wirtschaft, Physiotherapie, Sportwissenschaft und Coaching unterst\u00fctze ich Menschen dabei, ihre W\u00fcnsche &amp; Ziele zu erreichen und zu ihrer Bestleistung zu kommen. Viele Ziele meiner bisherigen Patienten und Klienten&hellip;<\/p>\n","protected":false},"author":2,"featured_media":0,"parent":0,"menu_order":-1,"comment_status":"open","ping_status":"closed","template":"","meta":[],"_links":{"self":[{"href":"http:\/\/kristinalinn.de\/index.php\/wp-json\/wp\/v2\/pages\/240"}],"collection":[{"href":"http:\/\/kristinalinn.de\/index.php\/wp-json\/wp\/v2\/pages"}],"about":[{"href":"http:\/\/kristinalinn.de\/index.php\/wp-json\/wp\/v2\/types\/page"}],"author":[{"embeddable":true,"href":"http:\/\/kristinalinn.de\/index.php\/wp-json\/wp\/v2\/users\/2"}],"replies":[{"embeddable":true,"href":"http:\/\/kristinalinn.de\/index.php\/wp-json\/wp\/v2\/comments?post=240"}],"version-history":[{"count":25,"href":"http:\/\/kristinalinn.de\/index.php\/wp-json\/wp\/v2\/pages\/240\/revisions"}],"predecessor-version":[{"id":4373,"href":"http:\/\/kristinalinn.de\/index.php\/wp-json\/wp\/v2\/pages\/240\/revisions\/4373"}],"wp:attachment":[{"href":"http:\/\/kristinalinn.de\/index.php\/wp-json\/wp\/v2\/media?parent=240"}],"curies":[{"name":"wp","href":"https:\/\/api.w.org\/{rel}","templated":true}]}}